{"id":212,"date":"2015-08-25T14:36:28","date_gmt":"2015-08-25T14:36:28","guid":{"rendered":"http:\/\/ecoenergy.ancorathemes.com\/?page_id=212"},"modified":"2018-11-30T18:58:18","modified_gmt":"2018-11-30T18:58:18","slug":"empresa","status":"publish","type":"page","link":"\/index.php\/empresa\/","title":{"rendered":"Empresa"},"content":{"rendered":"<p>[vc_row full_width=\u00bbstretch_row_content_no_spaces\u00bb][vc_column][vc_empty_space][\/vc_column][\/vc_row][vc_row][vc_column]<div class=\"columns_wrap sc_columns columns_nofluid sc_columns_count_2\"><div class=\"column-1_2 sc_column_item sc_column_item_1 odd first\"><h3 class=\"sc_title sc_title_regular\" style=\"margin-top:0.1em;margin-bottom:0.6em;\">Por qu\u00e9 elegirnos<\/h3><div class=\"sc_section\"><div class=\"sc_section_inner\"><span class=\"sc_icon icon-user sc_icon_shape_round alignleft round_icon\" style=\"font-size:15px; line-height: 1.2em;color:#2c9a40;\"><\/span><div class=\"sc_section pr2\" style=\"margin-left:5.1em !important;\"><div class=\"sc_section_inner\"><h5 class=\"sc_title sc_title_regular\" style=\"margin-top:0.25em;margin-bottom:0.55em;font-size:1.23em;\">Personalizaci\u00f3n<\/h5>[vc_column_text]Dise\u00f1amos los proyectos a medida.[\/vc_column_text]<\/div><\/div><\/div><\/div><div class=\"sc_section\"><div class=\"sc_section_inner\"><span class=\"sc_icon icon-lock sc_icon_shape_round alignleft round_icon\" style=\"font-size:15px; line-height: 1.2em;color:#2c9a40;\"><\/span><div class=\"sc_section pr2\" style=\"margin-left:5.1em !important;\"><div class=\"sc_section_inner\"><h5 class=\"sc_title sc_title_regular\" style=\"margin-top:0.25em;margin-bottom:0.55em;font-size:1.23em;\">Seguridad<\/h5>[vc_column_text]Trabajamos bajo normas de seguridad vigentes.[\/vc_column_text]<\/div><\/div><\/div><\/div><div class=\"sc_section\"><div class=\"sc_section_inner\"><span class=\"sc_icon icon-thumbs-up-light sc_icon_shape_round alignleft round_icon\" style=\"font-size:15px; line-height: 1.2em;color:#2c9a40;\"><\/span><div class=\"sc_section pr2\" style=\"margin-left:5.1em !important;\"><div class=\"sc_section_inner\"><h5 class=\"sc_title sc_title_regular\" style=\"margin-top:0.25em;margin-bottom:0.55em;font-size:1.23em;\">Confianza<\/h5>[vc_column_text]Nuestra trayectoria y clientes nos avalan.[\/vc_column_text]<\/div><\/div><\/div><\/div><div class=\"sc_section\"><div class=\"sc_section_inner\"><span class=\"sc_icon icon-lightbulb sc_icon_shape_round alignleft round_icon\" style=\"font-size:15px; line-height: 1.2em;color:#2c9a40;\"><\/span><div class=\"sc_section pr2\" style=\"margin-left:5.1em !important;\"><div class=\"sc_section_inner\"><h5 class=\"sc_title sc_title_regular\" style=\"margin-top:0.25em;margin-bottom:0.55em;font-size:1.23em;\">Experiencia<\/h5>[vc_column_text]Equipo de Trabajo altamente profesionalizado.[\/vc_column_text]<\/div><\/div><\/div><\/div><div class=\"sc_section\"><div class=\"sc_section_inner\"><span class=\"sc_icon icon-checkbox sc_icon_shape_round alignleft round_icon\" style=\"font-size:15px; line-height: 1.2em;color:#2c9a40;\"><\/span><div class=\"sc_section pr2\" style=\"margin-left:5.1em !important;\"><div class=\"sc_section_inner\"><h5 class=\"sc_title sc_title_regular\" style=\"margin-top:0.25em;margin-bottom:0.55em;font-size:1.23em;\">Respaldo<\/h5>[vc_column_text]Relaci\u00f3n y acompa\u00f1amiento de largo plazo.[\/vc_column_text]<\/div><\/div><\/div><\/div><\/div><div class=\"column-1_2 sc_column_item sc_column_item_2 even\">[vc_masonry_media_grid element_width=\u00bb6&#8243; grid_id=\u00bbvc_gid:1494333472523-9e310e95-dc4f-1&#8243; include=\u00bb1195,1196,1197,1194&#8243;]<\/div><\/div>[\/vc_column][\/vc_row][vc_row full_width=\u00bbstretch_row_content_no_spaces\u00bb][vc_column]<div class=\"sc_line sc_line_style_solid\" style=\"margin-top:4.3em;border-top-style:solid;\"><\/div>[\/vc_column][\/vc_row][vc_row][vc_column][vc_row_inner][vc_column_inner width=\u00bb1\/2&#8243;]<h2 class=\"sc_title sc_title_regular\"><strong>Misi\u00f3n<\/strong><\/h2>[vc_column_text]<strong>Ser el aliado experto en Energ\u00eda de grandes y medianas empresas. Ayud\u00e1ndolos a economizar y mejorar sus procesos por medio de consultor\u00eda de ingenier\u00eda especializada. Desarrollando e implementando soluciones tecnol\u00f3gicas sustentables, optimizando el uso de los recursos naturales.<\/strong>[\/vc_column_text][\/vc_column_inner][vc_column_inner width=\u00bb1\/2&#8243;]<h2 class=\"sc_title sc_title_regular\"><strong>Visi\u00f3n<\/strong><\/h2>[vc_column_text]<strong>Contribuir a mejorar el Planeta para nuestros hijos y generaciones futuras, cuidando del medio ambiente y los recursos naturales.<\/strong>[\/vc_column_text][\/vc_column_inner][\/vc_row_inner][vc_empty_space height=\u00bb42px\u00bb][\/vc_column][\/vc_row][vc_row full_width=\u00bbstretch_row_content_no_spaces\u00bb][vc_column el_class=\u00bbaccent1_bg bg_none\u00bb css=\u00bb.vc_custom_1441374231933{background-image: url(http:\/\/www.eusar.com.ar\/wp-content\/uploads\/2015\/08\/green_bg2.jpg?id=238) !important;}\u00bb]<div class=\"sc_content content_wrap\"><div class=\"columns_wrap sc_columns columns_nofluid sc_columns_count_4\" style=\"margin-top:4.5em;margin-bottom:1.4em;\"><div class=\"column-1_4 sc_column_item sc_column_item_1 odd first\" style=\"text-align:center;\"><h3 class=\"sc_title sc_title_underline\" style=\"margin-top:0.3em;margin-bottom:0.55em;color:#ffffff;\"><b>Oportunidad<\/b><\/h3><h5 class=\"sc_title sc_title_regular\" style=\"color:#ffffff;font-weight:400;font-size:1.384em;\"><b>32 <\/b><b>a 74 ptos.\u00a0<\/b>es la brecha a mejorar en Eficiencia Energ\u00e9tica respecto a Alemania.<\/h5>[vc_column_text]<span style=\"color: #ffffff;\"><i>Scorecard <\/i><i>elaborado<\/i><i> <\/i><i>por<\/i><i> International Energy Efficiency Agency (IEA)<\/i><\/span>[\/vc_column_text]<\/div><div class=\"column-1_4 sc_column_item sc_column_item_2 even\" style=\"text-align:center;\"><h3 class=\"sc_title sc_title_underline\" style=\"margin-top:0.3em;margin-bottom:0.55em;color:#ffffff;\"><b>Metas<\/b><\/h3><h5 class=\"sc_title sc_title_regular\" style=\"color:#ffffff;font-weight:400;font-size:1.384em;\"><b>8 a 20% <\/b>es el uso de energ\u00eda el\u00e9ctrica de fuentes renovables impuesta en Argentina para el per\u00edodo 2017 a 2025.<\/h5><\/div><div class=\"column-1_4 sc_column_item sc_column_item_3 odd\" style=\"text-align:center;\"><h3 class=\"sc_title sc_title_underline\" style=\"margin-top:0.3em;margin-bottom:0.55em;color:#ffffff;\"><b>Negocio<\/b><\/h3><h5 class=\"sc_title sc_title_regular\" style=\"color:#ffffff;font-weight:400;font-size:1.384em;\"><b>2,5 MW\u00a0<\/b>\u00a0fueron adjudicados por Renovar en 2016 por u$s 4.000 M.<\/h5><\/div><div class=\"column-1_4 sc_column_item sc_column_item_4 even\" style=\"text-align:center;\"><h3 class=\"sc_title sc_title_underline\" style=\"margin-top:0.3em;margin-bottom:0.55em;color:#ffffff;\"><b>Tendencia<br \/>\n<\/b><\/h3><h5 class=\"sc_title sc_title_regular\" style=\"color:#ffffff;font-weight:400;font-size:1.384em;\"><b>5.5 MM\u00a0<\/b>ser\u00e1 los nuevos IoT conectados diariamente en los pr\u00f3ximos a\u00f1os.<\/h5><\/div><\/div><\/div>[\/vc_column][\/vc_row][vc_row full_width=\u00bbstretch_row\u00bb]<div class=\"sc_content content_wrap\" style=\"margin-top:4.9em !important;margin-bottom:3.9em !important;\"><h3 class=\"sc_title sc_title_regular\">Conf\u00edan en nuestras soluciones, entre otros\u2026<\/h3><div id=\"sc_clients_563364228_wrap\" class=\"sc_clients_wrap\"><div id=\"sc_clients_563364228\" class=\"sc_clients sc_clients_style_clients-1  sc_slider_nopagination sc_slider_controls sc_slider_controls_bottom sc_slider_swiper swiper-slider-container\" data-interval=\"9401\" data-slides-per-view=\"6\" style=\"margin-bottom:0.35em;width:100%;\"><div class=\"slides swiper-wrapper\"><div class=\"swiper-slide\" data-style=\"width:100%;\" style=\"width:100%;\">\t\t\t<div id=\"sc_clients_563364228_1\" class=\"sc_clients_item sc_clients_item_1 odd first\">\n\t\t\t\t\t\t\t\t<div class=\"sc_client_image\"><img decoding=\"async\" class=\"wp-post-image\" alt=\"Santander\" src=\"http:\/\/www.eusar.com.ar\/wp-content\/uploads\/2015\/08\/santander.gif\"><\/div>\n\t\t\t\t\t\t\t<\/div>\n\t\t<\/div><div class=\"swiper-slide\" data-style=\"width:100%;\" style=\"width:100%;\">\t\t\t<div id=\"sc_clients_563364228_2\" class=\"sc_clients_item sc_clients_item_2 even\">\n\t\t\t\t\t\t\t\t<div class=\"sc_client_image\"><img decoding=\"async\" class=\"wp-post-image\" alt=\"Ita\u00fa\" src=\"http:\/\/www.eusar.com.ar\/wp-content\/uploads\/2017\/02\/itau.gif\"><\/div>\n\t\t\t\t\t\t\t<\/div>\n\t\t<\/div><div class=\"swiper-slide\" data-style=\"width:100%;\" style=\"width:100%;\">\t\t\t<div id=\"sc_clients_563364228_3\" class=\"sc_clients_item sc_clients_item_3 odd\">\n\t\t\t\t\t\t\t\t<div class=\"sc_client_image\"><img decoding=\"async\" class=\"wp-post-image\" alt=\"BCI\" src=\"http:\/\/www.eusar.com.ar\/wp-content\/uploads\/2017\/02\/bci.gif\"><\/div>\n\t\t\t\t\t\t\t<\/div>\n\t\t<\/div><div class=\"swiper-slide\" data-style=\"width:100%;\" style=\"width:100%;\">\t\t\t<div id=\"sc_clients_563364228_4\" class=\"sc_clients_item sc_clients_item_4 even\">\n\t\t\t\t\t\t\t\t<div class=\"sc_client_image\"><img decoding=\"async\" class=\"wp-post-image\" alt=\"Marriott\" src=\"http:\/\/www.eusar.com.ar\/wp-content\/uploads\/2017\/02\/marriott.gif\"><\/div>\n\t\t\t\t\t\t\t<\/div>\n\t\t<\/div><div class=\"swiper-slide\" data-style=\"width:100%;\" style=\"width:100%;\">\t\t\t<div id=\"sc_clients_563364228_5\" class=\"sc_clients_item sc_clients_item_5 odd\">\n\t\t\t\t\t\t\t\t<div class=\"sc_client_image\"><img decoding=\"async\" class=\"wp-post-image\" alt=\"Meli\u00e1\" src=\"http:\/\/www.eusar.com.ar\/wp-content\/uploads\/2015\/08\/melia.gif\"><\/div>\n\t\t\t\t\t\t\t<\/div>\n\t\t<\/div><div class=\"swiper-slide\" data-style=\"width:100%;\" style=\"width:100%;\">\t\t\t<div id=\"sc_clients_563364228_6\" class=\"sc_clients_item sc_clients_item_6 even\">\n\t\t\t\t\t\t\t\t<div class=\"sc_client_image\"><img decoding=\"async\" class=\"wp-post-image\" alt=\"Coca Cola\" src=\"http:\/\/www.eusar.com.ar\/wp-content\/uploads\/2015\/08\/coca-cola.gif\"><\/div>\n\t\t\t\t\t\t\t<\/div>\n\t\t<\/div><div class=\"swiper-slide\" data-style=\"width:100%;\" style=\"width:100%;\">\t\t\t<div id=\"sc_clients_563364228_7\" class=\"sc_clients_item sc_clients_item_7 odd\">\n\t\t\t\t\t\t\t\t<div class=\"sc_client_image\"><img decoding=\"async\" class=\"wp-post-image\" alt=\"Cencosud\" src=\"http:\/\/www.eusar.com.ar\/wp-content\/uploads\/2015\/08\/cencosud.gif\"><\/div>\n\t\t\t\t\t\t\t<\/div>\n\t\t<\/div><div class=\"swiper-slide\" data-style=\"width:100%;\" style=\"width:100%;\">\t\t\t<div id=\"sc_clients_563364228_8\" class=\"sc_clients_item sc_clients_item_8 even\">\n\t\t\t\t\t\t\t\t<div class=\"sc_client_image\"><img decoding=\"async\" class=\"wp-post-image\" alt=\"Walmart\" src=\"http:\/\/www.eusar.com.ar\/wp-content\/uploads\/2017\/02\/walmart.gif\"><\/div>\n\t\t\t\t\t\t\t<\/div>\n\t\t<\/div><div class=\"swiper-slide\" data-style=\"width:100%;\" style=\"width:100%;\">\t\t\t<div id=\"sc_clients_563364228_9\" class=\"sc_clients_item sc_clients_item_9 odd\">\n\t\t\t\t\t\t\t\t<div class=\"sc_client_image\"><img decoding=\"async\" class=\"wp-post-image\" alt=\"Permabucanas\" src=\"http:\/\/www.eusar.com.ar\/wp-content\/uploads\/2015\/08\/pernabucanas.gif\"><\/div>\n\t\t\t\t\t\t\t<\/div>\n\t\t<\/div><div class=\"swiper-slide\" data-style=\"width:100%;\" style=\"width:100%;\">\t\t\t<div id=\"sc_clients_563364228_10\" class=\"sc_clients_item sc_clients_item_10 even\">\n\t\t\t\t\t\t\t\t<div class=\"sc_client_image\"><img decoding=\"async\" class=\"wp-post-image\" alt=\"Eurofarma\" src=\"http:\/\/www.eusar.com.ar\/wp-content\/uploads\/2015\/08\/eurofarma.gif\"><\/div>\n\t\t\t\t\t\t\t<\/div>\n\t\t<\/div><div class=\"swiper-slide\" data-style=\"width:100%;\" style=\"width:100%;\">\t\t\t<div id=\"sc_clients_563364228_11\" class=\"sc_clients_item sc_clients_item_11 odd\">\n\t\t\t\t\t\t\t\t<div class=\"sc_client_image\"><img decoding=\"async\" class=\"wp-post-image\" alt=\"Cinemark\" src=\"http:\/\/www.eusar.com.ar\/wp-content\/uploads\/2015\/08\/cinemark.gif\"><\/div>\n\t\t\t\t\t\t\t<\/div>\n\t\t<\/div><div class=\"swiper-slide\" data-style=\"width:100%;\" style=\"width:100%;\">\t\t\t<div id=\"sc_clients_563364228_12\" class=\"sc_clients_item sc_clients_item_12 even\">\n\t\t\t\t\t\t\t\t<div class=\"sc_client_image\"><img decoding=\"async\" class=\"wp-post-image\" alt=\"BRF\" src=\"http:\/\/www.eusar.com.ar\/wp-content\/uploads\/2015\/08\/bfr.gif\"><\/div>\n\t\t\t\t\t\t\t<\/div>\n\t\t<\/div><div class=\"swiper-slide\" data-style=\"width:100%;\" style=\"width:100%;\">\t\t\t<div id=\"sc_clients_563364228_13\" class=\"sc_clients_item sc_clients_item_13 odd\">\n\t\t\t\t\t\t\t\t<div class=\"sc_client_image\"><img decoding=\"async\" class=\"wp-post-image\" alt=\"Casas Bah\u00eda\" src=\"http:\/\/www.eusar.com.ar\/wp-content\/uploads\/2015\/08\/casas-bahia.gif\"><\/div>\n\t\t\t\t\t\t\t<\/div>\n\t\t<\/div><div class=\"swiper-slide\" data-style=\"width:100%;\" style=\"width:100%;\">\t\t\t<div id=\"sc_clients_563364228_14\" class=\"sc_clients_item sc_clients_item_14 even\">\n\t\t\t\t\t\t\t\t<div class=\"sc_client_image\"><img decoding=\"async\" class=\"wp-post-image\" alt=\"C&#038;A\" src=\"http:\/\/www.eusar.com.ar\/wp-content\/uploads\/2015\/08\/cya.gif\"><\/div>\n\t\t\t\t\t\t\t<\/div>\n\t\t<\/div><div class=\"swiper-slide\" data-style=\"width:100%;\" style=\"width:100%;\">\t\t\t<div id=\"sc_clients_563364228_15\" class=\"sc_clients_item sc_clients_item_15 odd\">\n\t\t\t\t\t\t\t\t<div class=\"sc_client_image\"><img decoding=\"async\" class=\"wp-post-image\" alt=\"Google\" src=\"http:\/\/www.eusar.com.ar\/wp-content\/uploads\/2015\/08\/google.gif\"><\/div>\n\t\t\t\t\t\t\t<\/div>\n\t\t<\/div><div class=\"swiper-slide\" data-style=\"width:100%;\" style=\"width:100%;\">\t\t\t<div id=\"sc_clients_563364228_16\" class=\"sc_clients_item sc_clients_item_16 even\">\n\t\t\t\t\t\t\t\t<div class=\"sc_client_image\"><img decoding=\"async\" class=\"wp-post-image\" alt=\"Unilever\" src=\"http:\/\/www.eusar.com.ar\/wp-content\/uploads\/2015\/08\/unilever.gif\"><\/div>\n\t\t\t\t\t\t\t<\/div>\n\t\t<\/div><\/div><div class=\"sc_slider_controls_wrap\"><a class=\"sc_slider_prev\" href=\"#\"><\/a><a class=\"sc_slider_next\" href=\"#\"><\/a><\/div><div class=\"sc_slider_pagination_wrap\"><\/div><\/div><!-- \/.sc_clients --><\/div><!-- \/.sc_clients_wrap -->[vc_empty_space]<\/div>[\/vc_row][vc_row][vc_column][vc_column_text][\/vc_column_text][\/vc_column][\/vc_row]<\/p>\n","protected":false},"excerpt":{"rendered":"<p>[vc_row full_width=\u00bbstretch_row_content_no_spaces\u00bb][vc_column][vc_empty_space][\/vc_column][\/vc_row][vc_row][vc_column][\/vc_column][\/vc_row][vc_row full_width=\u00bbstretch_row_content_no_spaces\u00bb][vc_column][\/vc_column][\/vc_row][vc_row][vc_column][vc_row_inner][vc_column_inner width=\u00bb1\/2&#8243;][vc_column_text]Ser el aliado experto en Energ\u00eda de grandes y medianas empresas. Ayud\u00e1ndolos a economizar y mejorar sus procesos por medio de consultor\u00eda de ingenier\u00eda especializada. Desarrollando e implementando soluciones tecnol\u00f3gicas sustentables, optimizando el uso de los recursos naturales.[\/vc_column_text][\/vc_column_inner][vc_column_inner width=\u00bb1\/2&#8243;][vc_column_text]Contribuir a mejorar el Planeta para nuestros hijos y generaciones futuras, cuidando del medio [&hellip;]<\/p>\n","protected":false},"author":1,"featured_media":0,"parent":0,"menu_order":0,"comment_status":"closed","ping_status":"closed","template":"","meta":{"footnotes":""},"class_list":["post-212","page","type-page","status-publish","hentry"],"_links":{"self":[{"href":"\/index.php\/wp-json\/wp\/v2\/pages\/212","targetHints":{"allow":["GET"]}}],"collection":[{"href":"\/index.php\/wp-json\/wp\/v2\/pages"}],"about":[{"href":"\/index.php\/wp-json\/wp\/v2\/types\/page"}],"author":[{"embeddable":true,"href":"\/index.php\/wp-json\/wp\/v2\/users\/1"}],"replies":[{"embeddable":true,"href":"\/index.php\/wp-json\/wp\/v2\/comments?post=212"}],"version-history":[{"count":37,"href":"\/index.php\/wp-json\/wp\/v2\/pages\/212\/revisions"}],"predecessor-version":[{"id":1507,"href":"\/index.php\/wp-json\/wp\/v2\/pages\/212\/revisions\/1507"}],"wp:attachment":[{"href":"\/index.php\/wp-json\/wp\/v2\/media?parent=212"}],"curies":[{"name":"wp","href":"https:\/\/api.w.org\/{rel}","templated":true}]}}