{"id":1221,"date":"2017-01-20T02:23:54","date_gmt":"2017-01-20T02:23:54","guid":{"rendered":"http:\/\/www.eusar.com.ar\/?page_id=1221"},"modified":"2017-02-01T18:49:20","modified_gmt":"2017-02-01T18:49:20","slug":"nuevas-tecnologias-iot-internet-of-things","status":"publish","type":"page","link":"\/index.php\/nuevas-tecnologias-iot-internet-of-things\/","title":{"rendered":"Nuevas Tecnolog\u00edas \u2013 IoT (Internet of Things)"},"content":{"rendered":"<p>[vc_row][vc_column]<div class=\"columns_wrap sc_columns columns_nofluid sc_columns_count_4 column_service\" style=\"margin-top:0.95em;\"><div class=\"column-1_4 sc_column_item sc_column_item_1 odd first\">[vc_widget_sidebar sidebar_id=\u00bbsidebar_custom_0&#8243;]<\/div><div class=\"column-3_4 sc_column_item sc_column_item_2 even span_3\"><figure class=\"sc_image  sc_image_shape_square\" style=\"max-height: 428px;\"><img decoding=\"async\" src=\"http:\/\/www.eusar.com.ar\/wp-content\/uploads\/2017\/01\/18-iot.jpg\" alt=\"\" \/><\/figure><h3 class=\"sc_title sc_title_regular\" style=\"line-height: 1.45em;margin-top:1.05em;margin-bottom:0.8em;\">Soluciones<\/h3>[vc_column_text]El concepto IOT se basa en la interconexi\u00f3n de distintos dispositivos para la automatizaci\u00f3n de funciones. Los dispositivos son capaces de conectarse a Internet y permiten al usuario un control y manejo de forma remota. El objetivo es hacer que todos estos dispositivos se comuniquen entre s\u00ed y sean m\u00e1s inteligentes, brindando eficiencia y ahorro energ\u00e9tico.<\/p>\n<p>&nbsp;<\/p>\n<h5>EUS Argentina asesora y aplica IoT en sus proyectos en conjunto con alianzas estrat\u00e9gicas internacionales con tecnolog\u00edas de punta.<\/h5>\n<p>[\/vc_column_text]<\/div><\/div>[\/vc_column][\/vc_row]<\/p>\n","protected":false},"excerpt":{"rendered":"<p>[vc_row][vc_column][\/vc_column][\/vc_row]<\/p>\n","protected":false},"author":1,"featured_media":0,"parent":0,"menu_order":0,"comment_status":"closed","ping_status":"closed","template":"","meta":{"footnotes":""},"class_list":["post-1221","page","type-page","status-publish","hentry"],"_links":{"self":[{"href":"\/index.php\/wp-json\/wp\/v2\/pages\/1221","targetHints":{"allow":["GET"]}}],"collection":[{"href":"\/index.php\/wp-json\/wp\/v2\/pages"}],"about":[{"href":"\/index.php\/wp-json\/wp\/v2\/types\/page"}],"author":[{"embeddable":true,"href":"\/index.php\/wp-json\/wp\/v2\/users\/1"}],"replies":[{"embeddable":true,"href":"\/index.php\/wp-json\/wp\/v2\/comments?post=1221"}],"version-history":[{"count":6,"href":"\/index.php\/wp-json\/wp\/v2\/pages\/1221\/revisions"}],"predecessor-version":[{"id":1298,"href":"\/index.php\/wp-json\/wp\/v2\/pages\/1221\/revisions\/1298"}],"wp:attachment":[{"href":"\/index.php\/wp-json\/wp\/v2\/media?parent=1221"}],"curies":[{"name":"wp","href":"https:\/\/api.w.org\/{rel}","templated":true}]}}