{"id":1064,"date":"2016-12-26T03:29:11","date_gmt":"2016-12-26T03:29:11","guid":{"rendered":"http:\/\/www.eusar.com.ar\/?page_id=1064"},"modified":"2017-01-26T12:36:12","modified_gmt":"2017-01-26T12:36:12","slug":"calidad-de-energia-y-proteccion","status":"publish","type":"page","link":"\/index.php\/servicios\/calidad-de-energia-y-proteccion\/","title":{"rendered":"Calidad de Energ\u00eda y Protecci\u00f3n"},"content":{"rendered":"<p>[vc_row][vc_column]<div class=\"columns_wrap sc_columns columns_nofluid sc_columns_count_4 column_service\" style=\"margin-top:0.95em;\"><div class=\"column-1_4 sc_column_item sc_column_item_1 odd first\">[vc_widget_sidebar sidebar_id=\u00bbsidebar_custom_0&#8243;]<\/div><div class=\"column-3_4 sc_column_item sc_column_item_2 even span_3\"><figure class=\"sc_image  sc_image_shape_square\" style=\"max-height: 428px;\"><img decoding=\"async\" src=\"http:\/\/www.eusar.com.ar\/wp-content\/uploads\/2016\/12\/16-calidad.jpg\" alt=\"\" \/><\/figure><h3 class=\"sc_title sc_title_regular\" style=\"line-height: 1.45em;margin-top:1.05em;margin-bottom:0.8em;\">Soluciones<\/h3>[vc_column_text]Incorporamos el cuidado del medio ambiente a todos nuestros procedimientos de gesti\u00f3n de negocios, desde el comienzo del proceso productivo hasta la entrega final de los productos y servicios a nuestros clientes. Entendemos que eso es un factor diferenciador para el medio ambiente, una de las principales prioridades para nuestros clientes.[\/vc_column_text]<div id=\"sc_tabs_2051309932\" class=\"sc_tabs sc_tabs_style_1\" style=\"margin-top:2.7em;margin-bottom:2.65em;\" data-active=\"0\"><ul class=\"sc_tabs_titles\"><li class=\"sc_tabs_title first\"><a href=\"#calidad-1\" class=\"theme_button\" id=\"calidad-1_tab\">Filtrado de Arm\u00f3nicos<\/a><\/li><li class=\"sc_tabs_title\"><a href=\"#calidad-2\" class=\"theme_button\" id=\"calidad-2_tab\">Supresi\u00f3n de picos y sobrevoltajes temporales<\/a><\/li><li class=\"sc_tabs_title last\"><a href=\"#calidad-3\" class=\"theme_button\" id=\"calidad-3_tab\">Regulaci\u00f3n y Respaldo de Energ\u00eda<\/a><\/li><\/ul><div id=\"calidad-1\" class=\"sc_tabs_content odd first\">[vc_column_text]<\/p>\n<ul>\n<li><strong>Filtros para secciones completas:<\/strong> activos y de absorci\u00f3n pasiva<\/li>\n<li><strong>Filtros para cargas:<\/strong> reactores en l\u00ednea, filtros pasa bajas, entre otros<\/li>\n<\/ul>\n<p>[\/vc_column_text]<\/div><div id=\"calidad-2\" class=\"sc_tabs_content even\">[vc_column_text]<\/p>\n<ul>\n<li><strong>Supresores para secciones completas:<\/strong> de alta capacidad y con m\u00faltiples tecnolog\u00edas<\/li>\n<li><strong>Supresores para equipos cr\u00edticos:<\/strong> para dar un nivel de protecci\u00f3n fino<\/li>\n<li><strong>Buen funcionamiento de equipos<\/strong>.<\/li>\n<li><strong>Protecci\u00f3n de equipos<\/strong>.<\/li>\n<\/ul>\n<p>[\/vc_column_text]<\/div><div id=\"calidad-3\" class=\"sc_tabs_content odd\">[vc_column_text]<\/p>\n<ul>\n<li>Reguladores de energ\u00eda y acondicionadores de l\u00ednea<\/li>\n<li>UPS o bancos de bater\u00edas<\/li>\n<\/ul>\n<p>[\/vc_column_text]<\/div><\/div><h3 class=\"sc_title sc_title_regular\" style=\"line-height: 1.45em;margin-top:1.05em;margin-bottom:0.8em;\">Servicios<\/h3><div id=\"sc_tabs_237529723\" class=\"sc_tabs sc_tabs_style_1\" style=\"margin-top:2.7em;margin-bottom:2.65em;\" data-active=\"0\"><ul class=\"sc_tabs_titles\"><li class=\"sc_tabs_title first\"><a href=\"#calidad-4\" class=\"theme_button\" id=\"calidad-4_tab\">Consultor\u00eda<\/a><\/li><li class=\"sc_tabs_title\"><a href=\"#calidad-5\" class=\"theme_button\" id=\"calidad-5_tab\">Ingenier\u00eda<\/a><\/li><li class=\"sc_tabs_title last\"><a href=\"#calidad-6\" class=\"theme_button\" id=\"calidad-6_tab\">Soporte T\u00e9cnico y Mantenimiento<\/a><\/li><\/ul><div id=\"calidad-4\" class=\"sc_tabs_content odd first\">[vc_column_text]El desarrollo, la producci\u00f3n y la entrega de nuestros productos se realizan seg\u00fan los m\u00e1s exigentes est\u00e1ndares de calidad y se rigen por las principales normas y reglamentos nacionales e internacionales.<\/p>\n<p>Nuestro sistema integrado de gesti\u00f3n de la calidad, el medio ambiente y la energ\u00eda, es la base para la constante mejora de la calidad de nuestros productos y procesos, la sostenibilidad de nuestra protecci\u00f3n ambiental, as\u00ed como la mejora de nuestro balance energ\u00e9tico y la reducci\u00f3n de las emisiones de CO2.<\/p>\n<ul>\n<li><strong>Estudios especializados:<\/strong> calidad de energ\u00eda y detecci\u00f3n avanzada de picos de voltaje<\/li>\n<\/ul>\n<p>[\/vc_column_text]<\/div><div id=\"calidad-5\" class=\"sc_tabs_content even\">[vc_column_text]<\/p>\n<ul>\n<li><strong>Dise\u00f1o de proyectos a la medida:<\/strong> con evaluaci\u00f3n de diferentes alternativas<\/li>\n<li>Gesti\u00f3n e implementaci\u00f3n de proyectos llave en mano<\/li>\n<\/ul>\n<p>[\/vc_column_text]<\/div><div id=\"calidad-6\" class=\"sc_tabs_content odd\">[vc_column_text]<\/p>\n<ul>\n<li>Asistencia telef\u00f3nica y visitas t\u00e9cnicas<\/li>\n<li>Planes de mantenimiento preventivo y servicios de mantenimiento correctivo<\/li>\n<\/ul>\n<p>[\/vc_column_text]<\/div><\/div><\/div><\/div>[\/vc_column][\/vc_row]<\/p>\n","protected":false},"excerpt":{"rendered":"<p>[vc_row][vc_column][\/vc_column][\/vc_row]<\/p>\n","protected":false},"author":1,"featured_media":0,"parent":1044,"menu_order":0,"comment_status":"closed","ping_status":"closed","template":"","meta":{"footnotes":""},"class_list":["post-1064","page","type-page","status-publish","hentry"],"_links":{"self":[{"href":"\/index.php\/wp-json\/wp\/v2\/pages\/1064","targetHints":{"allow":["GET"]}}],"collection":[{"href":"\/index.php\/wp-json\/wp\/v2\/pages"}],"about":[{"href":"\/index.php\/wp-json\/wp\/v2\/types\/page"}],"author":[{"embeddable":true,"href":"\/index.php\/wp-json\/wp\/v2\/users\/1"}],"replies":[{"embeddable":true,"href":"\/index.php\/wp-json\/wp\/v2\/comments?post=1064"}],"version-history":[{"count":6,"href":"\/index.php\/wp-json\/wp\/v2\/pages\/1064\/revisions"}],"predecessor-version":[{"id":1275,"href":"\/index.php\/wp-json\/wp\/v2\/pages\/1064\/revisions\/1275"}],"up":[{"embeddable":true,"href":"\/index.php\/wp-json\/wp\/v2\/pages\/1044"}],"wp:attachment":[{"href":"\/index.php\/wp-json\/wp\/v2\/media?parent=1064"}],"curies":[{"name":"wp","href":"https:\/\/api.w.org\/{rel}","templated":true}]}}