{"id":1055,"date":"2016-12-26T03:16:13","date_gmt":"2016-12-26T03:16:13","guid":{"rendered":"http:\/\/www.eusar.com.ar\/?page_id=1055"},"modified":"2017-01-20T01:59:17","modified_gmt":"2017-01-20T01:59:17","slug":"eficiencia-energetica","status":"publish","type":"page","link":"\/index.php\/servicios\/eficiencia-energetica\/","title":{"rendered":"Eficiencia Energ\u00e9tica"},"content":{"rendered":"<p>[vc_row][vc_column]<div class=\"columns_wrap sc_columns columns_nofluid sc_columns_count_4 column_service\" style=\"margin-top:0.95em;\"><div class=\"column-1_4 sc_column_item sc_column_item_1 odd first\">[vc_widget_sidebar sidebar_id=\u00bbsidebar_custom_0&#8243;]<\/div><div class=\"column-3_4 sc_column_item sc_column_item_2 even span_3\"><figure class=\"sc_image  sc_image_shape_square\" style=\"max-height: 428px;\"><img decoding=\"async\" src=\"http:\/\/www.eusar.com.ar\/wp-content\/uploads\/2016\/12\/15-eiciencia.jpg\" alt=\"\" \/><\/figure><h3 class=\"sc_title sc_title_regular\" style=\"line-height: 1.45em;margin-top:1.05em;margin-bottom:0.8em;\">Soluciones<\/h3>[vc_column_text]El crecimiento y desarrollo de las sociedades y pa\u00edses trae consigo el aumento de su demanda energ\u00e9tica. Sabemos que la energ\u00eda utilizada en el mundo se produce a partir de recursos renovables y no renovables. Pero la mayor cantidad de energ\u00eda consumida hoy en d\u00eda proviene de\u00a0fuentes no renovables, como el petr\u00f3leo, carb\u00f3n y gas natural, cuya utilizaci\u00f3n produce efectos negativos en el medio ambiente. Por ello, se hace\u00a0urgente reducir nuestro nivel de dependencia de este tipo de combustibles. Para lograrlo, es fundamental buscar medios de acceso a energ\u00edas m\u00e1s limpias, pero tambi\u00e9n aprender a utilizarla de forma eficiente y responsable.[\/vc_column_text]<div id=\"sc_tabs_1592735783\" class=\"sc_tabs sc_tabs_style_1\" style=\"margin-top:2.7em;margin-bottom:2.65em;\" data-active=\"0\"><ul class=\"sc_tabs_titles\"><li class=\"sc_tabs_title first\"><a href=\"#eficiencia-1\" class=\"theme_button\" id=\"eficiencia-1_tab\">Correcci\u00f3n del Factor de Potencia<\/a><\/li><li class=\"sc_tabs_title last\"><a href=\"#sc_tab_1425369859863-1\" class=\"theme_button\" id=\"sc_tab_1425369859863-1_tab\">Eficiencia en Iluminaci\u00f3n<\/a><\/li><\/ul><div id=\"eficiencia-1\" class=\"sc_tabs_content odd first\">[vc_column_text]<\/p>\n<ul>\n<li><strong>Bancos de capacitores:<\/strong> tradicionales y a prueba de arm\u00f3nicos<\/li>\n<li><strong>Controladores autom\u00e1ticos<\/strong> para bancos de capacitores.<\/li>\n<\/ul>\n<p>[\/vc_column_text]<\/div><div id=\"sc_tab_1425369859863-1\" class=\"sc_tabs_content even\">[vc_column_text]<\/p>\n<ul>\n<li><strong>Sistemas de iluminaci\u00f3n de alta eficiencia:\u00a0<\/strong> tecnolog\u00edas LED, fluorescente y otras<\/li>\n<li><strong>Sensores y controladores autom\u00e1ticos<\/strong> para la iluminaci\u00f3n<\/li>\n<\/ul>\n<p>[\/vc_column_text]<\/div><\/div><h3 class=\"sc_title sc_title_regular\" style=\"line-height: 1.45em;margin-top:1.05em;margin-bottom:0.8em;\">Servicios<\/h3>[vc_column_text]El uso eficiente de la energ\u00eda contribuye a proteger los recursos naturales, disminuyendo, adem\u00e1s, el impacto ambiental.[\/vc_column_text]<div id=\"sc_tabs_1085012287\" class=\"sc_tabs sc_tabs_style_1\" style=\"margin-top:2.7em;margin-bottom:2.65em;\" data-active=\"0\"><ul class=\"sc_tabs_titles\"><li class=\"sc_tabs_title first\"><a href=\"#sc_tab_1425369860676-10\" class=\"theme_button\" id=\"sc_tab_1425369860676-10_tab\">Consultor\u00eda<\/a><\/li><li class=\"sc_tabs_title\"><a href=\"#sc_tab_1425369859863-1\" class=\"theme_button\" id=\"sc_tab_1425369859863-1_tab\">Ingenier\u00eda<\/a><\/li><li class=\"sc_tabs_title last\"><a href=\"#sc_tab_1482720323283_0\" class=\"theme_button\" id=\"sc_tab_1482720323283_0_tab\">Soporte T\u00e9cnico y Mantenimiento<\/a><\/li><\/ul><div id=\"sc_tab_1425369860676-10\" class=\"sc_tabs_content odd first\">[vc_column_text]<\/p>\n<ul>\n<li><strong>Auditor\u00edas energ\u00e9ticas:<\/strong> medir a detalle y analizar el uso de electricidad para detecci\u00f3n de oportunidades de ahorro<\/li>\n<li><strong>Estudios especializados:<\/strong> factor de potencia, iluminaci\u00f3n, compresi\u00f3n de aire y motores el\u00e9ctricos<\/li>\n<\/ul>\n<p>[\/vc_column_text]<\/div><div id=\"sc_tab_1425369859863-1\" class=\"sc_tabs_content even\">[vc_column_text]<\/p>\n<ul>\n<li><strong>Dise\u00f1o de proyectos a la medida:\u00a0<\/strong>con evaluaci\u00f3n de diferentes alternativas<\/li>\n<li><strong>Gesti\u00f3n e implementaci\u00f3n<\/strong> de proyectos llave en mano<\/li>\n<\/ul>\n<p>[\/vc_column_text]<\/div><div id=\"sc_tab_1482720323283_0\" class=\"sc_tabs_content odd\">[vc_column_text]<\/p>\n<ul>\n<li>Asistencia telef\u00f3nica y visitas t\u00e9cnicas.<\/li>\n<li>Planes de mantenimiento preventivo y servicios de mantenimiento correctivo.<\/li>\n<\/ul>\n<p>[\/vc_column_text]<\/div><\/div><\/div><\/div>[\/vc_column][\/vc_row]<\/p>\n","protected":false},"excerpt":{"rendered":"<p>[vc_row][vc_column][\/vc_column][\/vc_row]<\/p>\n","protected":false},"author":1,"featured_media":0,"parent":1044,"menu_order":0,"comment_status":"closed","ping_status":"closed","template":"","meta":{"footnotes":""},"class_list":["post-1055","page","type-page","status-publish","hentry"],"_links":{"self":[{"href":"\/index.php\/wp-json\/wp\/v2\/pages\/1055","targetHints":{"allow":["GET"]}}],"collection":[{"href":"\/index.php\/wp-json\/wp\/v2\/pages"}],"about":[{"href":"\/index.php\/wp-json\/wp\/v2\/types\/page"}],"author":[{"embeddable":true,"href":"\/index.php\/wp-json\/wp\/v2\/users\/1"}],"replies":[{"embeddable":true,"href":"\/index.php\/wp-json\/wp\/v2\/comments?post=1055"}],"version-history":[{"count":4,"href":"\/index.php\/wp-json\/wp\/v2\/pages\/1055\/revisions"}],"predecessor-version":[{"id":1216,"href":"\/index.php\/wp-json\/wp\/v2\/pages\/1055\/revisions\/1216"}],"up":[{"embeddable":true,"href":"\/index.php\/wp-json\/wp\/v2\/pages\/1044"}],"wp:attachment":[{"href":"\/index.php\/wp-json\/wp\/v2\/media?parent=1055"}],"curies":[{"name":"wp","href":"https:\/\/api.w.org\/{rel}","templated":true}]}}